{"id":3319692,"date":"2024-05-28T15:35:54","date_gmt":"2024-05-28T13:35:54","guid":{"rendered":"https:\/\/dev.llbexpo.se\/about-llb-expo\/"},"modified":"2026-03-03T16:33:40","modified_gmt":"2026-03-03T15:33:40","slug":"about-trainrail","status":"publish","type":"page","link":"https:\/\/trainrail.se\/en\/about-trainrail\/","title":{"rendered":"About Train  Rail"},"content":{"rendered":"<p>[et_pb_section fb_built=&#8221;1&#8243; _builder_version=&#8221;4.27.4&#8243; _module_preset=&#8221;cc13b404-e2cb-487a-af92-9662f550d502&#8243; background_color=&#8221;#007398&#8243; use_background_color_gradient=&#8221;on&#8221; background_color_gradient_stops=&#8221;rgba(0,0,0,0) 50%|rgba(0,0,0,0.9) 100%&#8221; background_color_gradient_overlays_image=&#8221;on&#8221; background_image=&#8221;https:\/\/trainrail.se\/wp-content\/uploads\/2024\/07\/Om-TR-Banner.jpg&#8221; background_enable_image=&#8221;on&#8221; parallax=&#8221;on&#8221; custom_margin=&#8221;||||false|false&#8221; global_colors_info=&#8221;{%22gcid-zqmeyyr1-ozjs-tdol-t9th-kdmdqxufunhr%22:%91%22border_color_right%22,%22border_color_right%22%93}&#8221; custom_days_label_text=&#8221;Dagar&#8221; custom_hours_label_text=&#8221;Timmar&#8221; custom_minutes_label_text=&#8221;Minuter&#8221; custom_seconds_label_text=&#8221;Sekunder&#8221;][et_pb_row _builder_version=&#8221;4.27.4&#8243; _module_preset=&#8221;087478c9-bc28-42e0-b4eb-af3ef24da15a&#8221; background_enable_image=&#8221;off&#8221; global_colors_info=&#8221;{}&#8221; custom_days_label_text=&#8221;Dagar&#8221; custom_hours_label_text=&#8221;Timmar&#8221; custom_minutes_label_text=&#8221;Minuter&#8221; custom_seconds_label_text=&#8221;Sekunder&#8221;][et_pb_column type=&#8221;4_4&#8243; _builder_version=&#8221;4.24.0&#8243; _module_preset=&#8221;default&#8221; global_colors_info=&#8221;{}&#8221; custom_days_label_text=&#8221;Dagar&#8221; custom_hours_label_text=&#8221;Timmar&#8221; custom_minutes_label_text=&#8221;Minuter&#8221; custom_seconds_label_text=&#8221;Sekunder&#8221;][et_pb_cta title=&#8221;About Train  Rail&#8221; button_url=&#8221;#&#8221; _builder_version=&#8221;4.27.4&#8243; _module_preset=&#8221;0d7ddc9b-5fad-41ce-bbc3-1fa8c8b01c36&#8243; global_colors_info=&#8221;{%22gcid-m0fraqv3-qztm-9290-df11-7p07yu2mtcg6%22:%91%22header_text_color%22,%22button_bg_color%22,%22button_border_color%22,%22button_text_color%22,%22header_text_color%22,%22button_bg_color%22,%22button_border_color%22,%22button_text_color%22,%22header_text_color%22,%22button_bg_color%22,%22button_border_color%22,%22button_text_color%22,%22header_text_color%22,%22button_bg_color%22,%22button_border_color%22,%22button_text_color%22,%22header_text_color%22,%22button_bg_color%22,%22button_text_color%22,%22header_text_color%22,%22button_bg_color%22,%22button_text_color%22,%22header_text_color%22,%22button_bg_color%22,%22button_text_color%22,%22header_text_color%22,%22button_bg_color%22,%22button_text_color%22,%22header_text_color%22,%22button_bg_color%22,%22button_text_color%22,%22header_text_color%22,%22button_bg_color%22,%22button_text_color%22,%22button_bg_color%22,%22button_text_color%22%93,%22gcid-8ctl9olw-qzl0-39sh-h9m4-2r68cuzkve1q%22:%91%22button_bg_color%22,%22button_border_color%22,%22button_bg_color%22,%22button_border_color%22,%22button_bg_color%22,%22button_border_color%22,%22button_bg_color%22,%22button_border_color%22%93,%22gcid-zqmeyyr1-ozjs-tdol-t9th-kdmdqxufunhr%22:%91%22button_border_color%22,%22button_bg_color%22,%22button_border_color%22,%22button_bg_color%22,%22button_border_color%22,%22button_bg_color%22,%22button_border_color%22,%22button_bg_color%22,%22button_bg_color%22%93,%22gcid-xe7ua1bg-8o1q-uq3m-f8ql-qk12tgltkuk4%22:%91%22button_border_color__hover%22,%22button_bg_color__hover%22%93}&#8221; custom_days_label_text=&#8221;Dagar&#8221; custom_hours_label_text=&#8221;Timmar&#8221; custom_minutes_label_text=&#8221;Minuter&#8221; custom_seconds_label_text=&#8221;Sekunder&#8221;][\/et_pb_cta][\/et_pb_column][\/et_pb_row][\/et_pb_section][et_pb_section fb_built=&#8221;1&#8243; admin_label=&#8221;Text 50\/50&#8243; _builder_version=&#8221;4.27.4&#8243; _module_preset=&#8221;34b06a86-dc81-4983-919e-0fd7f286eb1b&#8221; locked=&#8221;off&#8221; global_colors_info=&#8221;{%22gcid-67960481-d850-44e0-9c4e-fd5d556aad1e%22:%91%22background_color%22%93}&#8221; custom_days_label_text=&#8221;Dagar&#8221; custom_hours_label_text=&#8221;Timmar&#8221; custom_minutes_label_text=&#8221;Minuter&#8221; custom_seconds_label_text=&#8221;Sekunder&#8221;][et_pb_row custom_padding_last_edited=&#8221;on|phone&#8221; _builder_version=&#8221;4.27.4&#8243; _module_preset=&#8221;_initial&#8221; custom_margin=&#8221;||||false|false&#8221; custom_padding_tablet=&#8221;20px||||false|false&#8221; custom_padding_phone=&#8221;20px||||false|false&#8221; locked=&#8221;off&#8221; global_colors_info=&#8221;{}&#8221; custom_days_label_text=&#8221;Dagar&#8221; custom_hours_label_text=&#8221;Timmar&#8221; custom_minutes_label_text=&#8221;Minuter&#8221; custom_seconds_label_text=&#8221;Sekunder&#8221;][et_pb_column type=&#8221;4_4&#8243; _builder_version=&#8221;4.23.4&#8243; _module_preset=&#8221;default&#8221; global_colors_info=&#8221;{}&#8221; custom_days_label_text=&#8221;Dagar&#8221; custom_hours_label_text=&#8221;Timmar&#8221; custom_minutes_label_text=&#8221;Minuter&#8221; custom_seconds_label_text=&#8221;Sekunder&#8221;][et_pb_text _builder_version=&#8221;4.27.4&#8243; _module_preset=&#8221;91303309-ab2a-47f7-86a2-bf644d336a61&#8243; header_2_text_color=&#8221;gcid-m0fraqv3-qztm-9290-df11-7p07yu2mtcg6&#8243; max_width=&#8221;1152px&#8221; global_colors_info=&#8221;{%22gcid-m0fraqv3-qztm-9290-df11-7p07yu2mtcg6%22:%91%22header_2_text_color%22%93}&#8221; custom_days_label_text=&#8221;Dagar&#8221; custom_hours_label_text=&#8221;Timmar&#8221; custom_minutes_label_text=&#8221;Minuter&#8221; custom_seconds_label_text=&#8221;Sekunder&#8221;]<\/p>\n<h2>The Nordic Region&#8217;s largest trade fair for the rail industry<\/h2>\n<p>[\/et_pb_text][et_pb_divider _builder_version=&#8221;4.27.4&#8243; _module_preset=&#8221;_initial&#8221; global_colors_info=&#8221;{}&#8221; custom_days_label_text=&#8221;Dagar&#8221; custom_hours_label_text=&#8221;Timmar&#8221; custom_minutes_label_text=&#8221;Minuter&#8221; custom_seconds_label_text=&#8221;Sekunder&#8221;][\/et_pb_divider][\/et_pb_column][\/et_pb_row][et_pb_row column_structure=&#8221;1_2,1_2&#8243; gutter_width=&#8221;3&#8243; custom_padding_last_edited=&#8221;on|tablet&#8221; module_class=&#8221;text-text-row&#8221; _builder_version=&#8221;4.27.4&#8243; _module_preset=&#8221;_initial&#8221; custom_padding=&#8221;0px||||false|false&#8221; custom_padding_tablet=&#8221;||0px||false|false&#8221; custom_padding_phone=&#8221;||0px||false|false&#8221; locked=&#8221;off&#8221; global_colors_info=&#8221;{}&#8221; custom_days_label_text=&#8221;Dagar&#8221; custom_hours_label_text=&#8221;Timmar&#8221; custom_minutes_label_text=&#8221;Minuter&#8221; custom_seconds_label_text=&#8221;Sekunder&#8221;][et_pb_column type=&#8221;1_2&#8243; _builder_version=&#8221;4.24.2&#8243; _module_preset=&#8221;default&#8221; global_colors_info=&#8221;{}&#8221; custom_days_label_text=&#8221;Dagar&#8221; custom_hours_label_text=&#8221;Timmar&#8221; custom_minutes_label_text=&#8221;Minuter&#8221; custom_seconds_label_text=&#8221;Sekunder&#8221;][et_pb_text _builder_version=&#8221;4.27.4&#8243; _module_preset=&#8221;_initial&#8221; text_text_color=&#8221;gcid-m0fraqv3-qztm-9290-df11-7p07yu2mtcg6&#8243; global_colors_info=&#8221;{%22gcid-m0fraqv3-qztm-9290-df11-7p07yu2mtcg6%22:%91%22text_text_color%22%93}&#8221; custom_days_label_text=&#8221;Dagar&#8221; custom_hours_label_text=&#8221;Timmar&#8221; custom_minutes_label_text=&#8221;Minuter&#8221; custom_seconds_label_text=&#8221;Sekunder&#8221;]<\/p>\n<p>Train &amp; Rail is the Nordic region&#8217;s largest meeting place for actors in the railway industry. The fair is organized every two years and brings together more than 3000 visitors and over 150 exhibitors.<\/p>\n<p>This makes the fair an obvious meeting place for anyone who wants to make new contacts, do business, network and take part in the many initiatives that are being taken to strengthen the competitiveness of the Nordic railways. Here you will meet politicians at municipal, regional and national level with responsibility for rail, infrastructure and urban planning, government representatives, freight owners, transport buyers, traffic planners and much more. <\/p>\n<p>[\/et_pb_text][\/et_pb_column][et_pb_column type=&#8221;1_2&#8243; _builder_version=&#8221;4.24.0&#8243; _module_preset=&#8221;default&#8221; global_colors_info=&#8221;{}&#8221; custom_days_label_text=&#8221;Dagar&#8221; custom_hours_label_text=&#8221;Timmar&#8221; custom_minutes_label_text=&#8221;Minuter&#8221; custom_seconds_label_text=&#8221;Sekunder&#8221;][et_pb_text _builder_version=&#8221;4.27.4&#8243; _module_preset=&#8221;default&#8221; text_text_color=&#8221;gcid-m0fraqv3-qztm-9290-df11-7p07yu2mtcg6&#8243; global_colors_info=&#8221;{%22gcid-m0fraqv3-qztm-9290-df11-7p07yu2mtcg6%22:%91%22text_text_color%22%93}&#8221; custom_days_label_text=&#8221;Dagar&#8221; custom_hours_label_text=&#8221;Timmar&#8221; custom_minutes_label_text=&#8221;Minuter&#8221; custom_seconds_label_text=&#8221;Sekunder&#8221;]<\/p>\n<p>Train &amp; Rail is organized by Stockholmsm\u00e4ssan and Swedtrain in collaboration with the railway contractors, NJS, Nordic Infracenter, NRSA, Sp\u00e5rvagnst\u00e4derna, Svensk kollektivtrafik, Swerig and T\u00e5gf\u00f6retagen. The fair was organized for the first time in 2023 and will be held again in May 2025.<\/p>\n<p>Rail transport is climate-smart, energy-efficient and sustainable. Innovation and confidence in the future are the cornerstones, which also characterize Train &amp; Rail. Welcome to a unique opportunity to do business and create good conditions for a more sustainable future!  <\/p>\n<p>[\/et_pb_text][\/et_pb_column][\/et_pb_row][\/et_pb_section][et_pb_section fb_built=&#8221;1&#8243; _builder_version=&#8221;4.27.4&#8243; _module_preset=&#8221;default&#8221; global_colors_info=&#8221;{}&#8221; custom_days_label_text=&#8221;Dagar&#8221; custom_hours_label_text=&#8221;Timmar&#8221; custom_minutes_label_text=&#8221;Minuter&#8221; custom_seconds_label_text=&#8221;Sekunder&#8221;][et_pb_row _builder_version=&#8221;4.27.4&#8243; _module_preset=&#8221;default&#8221; min_height=&#8221;104px&#8221; custom_padding=&#8221;||3px||false|false&#8221; custom_days_label_text=&#8221;Dagar&#8221; custom_hours_label_text=&#8221;Timmar&#8221; custom_minutes_label_text=&#8221;Minuter&#8221; custom_seconds_label_text=&#8221;Sekunder&#8221;][et_pb_column type=&#8221;4_4&#8243; _builder_version=&#8221;4.27.4&#8243; _module_preset=&#8221;default&#8221; global_colors_info=&#8221;{}&#8221; custom_days_label_text=&#8221;Dagar&#8221; custom_hours_label_text=&#8221;Timmar&#8221; custom_minutes_label_text=&#8221;Minuter&#8221; custom_seconds_label_text=&#8221;Sekunder&#8221;][et_pb_text _builder_version=&#8221;4.27.4&#8243; _module_preset=&#8221;default&#8221; header_2_font_size=&#8221;50px&#8221; global_colors_info=&#8221;{}&#8221; custom_days_label_text=&#8221;Dagar&#8221; custom_hours_label_text=&#8221;Timmar&#8221; custom_minutes_label_text=&#8221;Minuter&#8221; custom_seconds_label_text=&#8221;Sekunder&#8221;]<\/p>\n<h2>Themes for Train &amp; Rail 2025:<\/h2>\n<p>[\/et_pb_text][\/et_pb_column][\/et_pb_row][et_pb_row column_structure=&#8221;1_3,1_3,1_3&#8243; _builder_version=&#8221;4.27.4&#8243; _module_preset=&#8221;default&#8221; custom_days_label_text=&#8221;Dagar&#8221; custom_hours_label_text=&#8221;Timmar&#8221; custom_minutes_label_text=&#8221;Minuter&#8221; custom_seconds_label_text=&#8221;Sekunder&#8221;][et_pb_column type=&#8221;1_3&#8243; _builder_version=&#8221;4.27.4&#8243; _module_preset=&#8221;default&#8221; global_colors_info=&#8221;{}&#8221; custom_days_label_text=&#8221;Dagar&#8221; custom_hours_label_text=&#8221;Timmar&#8221; custom_minutes_label_text=&#8221;Minuter&#8221; custom_seconds_label_text=&#8221;Sekunder&#8221;][et_pb_text _builder_version=&#8221;4.27.4&#8243; _module_preset=&#8221;default&#8221; global_colors_info=&#8221;{}&#8221; custom_days_label_text=&#8221;Dagar&#8221; custom_hours_label_text=&#8221;Timmar&#8221; custom_minutes_label_text=&#8221;Minuter&#8221; custom_seconds_label_text=&#8221;Sekunder&#8221;]<\/p>\n<h3>Technology &amp; Innovation<\/h3>\n<p>This theme explores new technologies such as digitalization, automation and energy efficient solutions and how they can increase capacity, reliability and sustainability of rail transport. The focus is on smart transport systems, innovative design, and technologies such as ERTMS and CBTC with the aim of creating a seamless and integrated transport system. How can technology and innovation contribute to robust and sustainable systems that meet future needs?  <\/p>\n<p>[\/et_pb_text][\/et_pb_column][et_pb_column type=&#8221;1_3&#8243; _builder_version=&#8221;4.27.4&#8243; _module_preset=&#8221;default&#8221; global_colors_info=&#8221;{}&#8221; custom_days_label_text=&#8221;Dagar&#8221; custom_hours_label_text=&#8221;Timmar&#8221; custom_minutes_label_text=&#8221;Minuter&#8221; custom_seconds_label_text=&#8221;Sekunder&#8221;][et_pb_text _builder_version=&#8221;4.27.4&#8243; _module_preset=&#8221;default&#8221; global_colors_info=&#8221;{}&#8221; custom_days_label_text=&#8221;Dagar&#8221; custom_hours_label_text=&#8221;Timmar&#8221; custom_minutes_label_text=&#8221;Minuter&#8221; custom_seconds_label_text=&#8221;Sekunder&#8221;]<\/p>\n<h3>Skills developement<\/h3>\n<p>The theme highlights the importance of attracting, training and retaining skilled workers in the sector. The focus is on how we deal with challenges such as generational change, new technologies, growing demand and competition from other industries. What partnerships are needed between educational institutions and industry? How do we best develop work environments and implement lifelong learning to secure the future of rail transport?   <\/p>\n<p>[\/et_pb_text][\/et_pb_column][et_pb_column type=&#8221;1_3&#8243; _builder_version=&#8221;4.27.4&#8243; _module_preset=&#8221;default&#8221; global_colors_info=&#8221;{}&#8221; custom_days_label_text=&#8221;Dagar&#8221; custom_hours_label_text=&#8221;Timmar&#8221; custom_minutes_label_text=&#8221;Minuter&#8221; custom_seconds_label_text=&#8221;Sekunder&#8221;][et_pb_text _builder_version=&#8221;4.27.4&#8243; _module_preset=&#8221;default&#8221; global_colors_info=&#8221;{}&#8221; custom_days_label_text=&#8221;Dagar&#8221; custom_hours_label_text=&#8221;Timmar&#8221; custom_minutes_label_text=&#8221;Minuter&#8221; custom_seconds_label_text=&#8221;Sekunder&#8221;]<\/p>\n<h3>Efficient and modern maintenance<\/h3>\n<p>The theme highlights the maintenance backlog and the importance of a long-term approach for the planned functionality of the rail transport system. The focus is on innovative solutions, more efficient maintenance methods, better planning and prioritization, digitalization and optimized use of resources. What is required from maintenance planning to take into account both current and future requirements?  <\/p>\n<p>[\/et_pb_text][\/et_pb_column][\/et_pb_row][\/et_pb_section][et_pb_section fb_built=&#8221;1&#8243; _builder_version=&#8221;4.27.4&#8243; _module_preset=&#8221;default&#8221; custom_padding=&#8221;50px||0px||false|false&#8221; custom_padding_tablet=&#8221;100px||||false|false&#8221; custom_padding_phone=&#8221;60px||0px||false|false&#8221; global_colors_info=&#8221;{}&#8221; custom_days_label_text=&#8221;Dagar&#8221; custom_hours_label_text=&#8221;Timmar&#8221; custom_minutes_label_text=&#8221;Minuter&#8221; custom_seconds_label_text=&#8221;Sekunder&#8221;][et_pb_row custom_padding_last_edited=&#8221;on|phone&#8221; _builder_version=&#8221;4.27.4&#8243; _module_preset=&#8221;default&#8221; custom_margin=&#8221;||||false|false&#8221; custom_padding_tablet=&#8221;20px||||false|false&#8221; custom_padding_phone=&#8221;20px||||false|false&#8221; locked=&#8221;off&#8221; global_colors_info=&#8221;{}&#8221; custom_days_label_text=&#8221;Dagar&#8221; custom_hours_label_text=&#8221;Timmar&#8221; custom_minutes_label_text=&#8221;Minuter&#8221; custom_seconds_label_text=&#8221;Sekunder&#8221;][et_pb_column type=&#8221;4_4&#8243; _builder_version=&#8221;4.23.4&#8243; _module_preset=&#8221;default&#8221; global_colors_info=&#8221;{}&#8221; custom_days_label_text=&#8221;Dagar&#8221; custom_hours_label_text=&#8221;Timmar&#8221; custom_minutes_label_text=&#8221;Minuter&#8221; custom_seconds_label_text=&#8221;Sekunder&#8221;][et_pb_text _builder_version=&#8221;4.27.4&#8243; _module_preset=&#8221;9c569ea0-a9cb-4f95-a923-faac580413f9&#8243; global_colors_info=&#8221;{}&#8221; custom_days_label_text=&#8221;Dagar&#8221; custom_hours_label_text=&#8221;Timmar&#8221; custom_minutes_label_text=&#8221;Minuter&#8221; custom_seconds_label_text=&#8221;Sekunder&#8221;]<\/p>\n<h2>The Train  Rail team<\/h2>\n<p>[\/et_pb_text][et_pb_divider _builder_version=&#8221;4.27.4&#8243; _module_preset=&#8221;default&#8221; global_colors_info=&#8221;{}&#8221; custom_days_label_text=&#8221;Dagar&#8221; custom_hours_label_text=&#8221;Timmar&#8221; custom_minutes_label_text=&#8221;Minuter&#8221; custom_seconds_label_text=&#8221;Sekunder&#8221;][\/et_pb_divider][et_pb_text _builder_version=&#8221;4.27.4&#8243; _module_preset=&#8221;default&#8221; global_colors_info=&#8221;{}&#8221; custom_days_label_text=&#8221;Dagar&#8221; custom_hours_label_text=&#8221;Timmar&#8221; custom_minutes_label_text=&#8221;Minuter&#8221; custom_seconds_label_text=&#8221;Sekunder&#8221;]<\/p>\n<p>Do not hesitate to contact us with any questions<\/p>\n<p>[\/et_pb_text][\/et_pb_column][\/et_pb_row][et_pb_row column_structure=&#8221;1_4,1_4,1_4,1_4&#8243; _builder_version=&#8221;4.27.5&#8243; _module_preset=&#8221;default&#8221; hover_enabled=&#8221;0&#8243; custom_days_label_text=&#8221;Dagar&#8221; custom_hours_label_text=&#8221;Timmar&#8221; custom_minutes_label_text=&#8221;Minuter&#8221; custom_seconds_label_text=&#8221;Sekunder&#8221; sticky_enabled=&#8221;0&#8243;][et_pb_column type=&#8221;1_4&#8243; _builder_version=&#8221;4.24.2&#8243; _module_preset=&#8221;default&#8221; global_colors_info=&#8221;{}&#8221; custom_days_label_text=&#8221;Dagar&#8221; custom_hours_label_text=&#8221;Timmar&#8221; custom_minutes_label_text=&#8221;Minuter&#8221; custom_seconds_label_text=&#8221;Sekunder&#8221;][et_pb_image src=&#8221;https:\/\/trainrail.se\/wp-content\/uploads\/2024\/06\/monika-johannesen-500&#215;500-1.png&#8221; alt=&#8221;Monika Johannesen&#8221; title_text=&#8221;monika-johannesen-500&#215;500&#8243; _builder_version=&#8221;4.27.4&#8243; _module_preset=&#8221;17b1e475-fcb4-46ac-b286-2ea5a647047e&#8221; global_colors_info=&#8221;{}&#8221; custom_days_label_text=&#8221;Dagar&#8221; custom_hours_label_text=&#8221;Timmar&#8221; custom_minutes_label_text=&#8221;Minuter&#8221; custom_seconds_label_text=&#8221;Sekunder&#8221;][\/et_pb_image][et_pb_text _builder_version=&#8221;4.27.4&#8243; _module_preset=&#8221;fbdfc758-5e7c-452b-bc59-af7be0fa880a&#8221; global_colors_info=&#8221;{}&#8221; custom_days_label_text=&#8221;Dagar&#8221; custom_hours_label_text=&#8221;Timmar&#8221; custom_minutes_label_text=&#8221;Minuter&#8221; custom_seconds_label_text=&#8221;Sekunder&#8221;]<\/p>\n<p>Project manager<\/p>\n<p>[\/et_pb_text][et_pb_text _builder_version=&#8221;4.27.4&#8243; _module_preset=&#8221;675866bd-aefb-431d-b018-3f6ed3d10b8f&#8221; global_colors_info=&#8221;{}&#8221; custom_days_label_text=&#8221;Dagar&#8221; custom_hours_label_text=&#8221;Timmar&#8221; custom_minutes_label_text=&#8221;Minuter&#8221; custom_seconds_label_text=&#8221;Sekunder&#8221;]<\/p>\n<h3>Monika Johannesen Widholm<\/h3>\n<p><a href=\"mailto:monika.johannesen@stockholmsmassan.se\" target=\"_blank\" rel=\"noopener\">Send an e-mail to<\/a><br \/><a href=\"tel:46707894141\">+46 70 789 41 41<\/a><\/p>\n<p>[\/et_pb_text][\/et_pb_column][et_pb_column type=&#8221;1_4&#8243; _builder_version=&#8221;4.24.2&#8243; _module_preset=&#8221;default&#8221; global_colors_info=&#8221;{}&#8221; custom_days_label_text=&#8221;Dagar&#8221; custom_hours_label_text=&#8221;Timmar&#8221; custom_minutes_label_text=&#8221;Minuter&#8221; custom_seconds_label_text=&#8221;Sekunder&#8221;][et_pb_image src=&#8221;https:\/\/trainrail.se\/wp-content\/uploads\/2024\/06\/martin-wiberg-500&#215;500-1.jpg&#8221; alt=&#8221;Martin Wiberg&#8221; title_text=&#8221;martin-wiberg-500&#215;500&#8243; _builder_version=&#8221;4.27.4&#8243; _module_preset=&#8221;17b1e475-fcb4-46ac-b286-2ea5a647047e&#8221; global_colors_info=&#8221;{}&#8221; custom_days_label_text=&#8221;Dagar&#8221; custom_hours_label_text=&#8221;Timmar&#8221; custom_minutes_label_text=&#8221;Minuter&#8221; custom_seconds_label_text=&#8221;Sekunder&#8221;][\/et_pb_image][et_pb_text _builder_version=&#8221;4.27.4&#8243; _module_preset=&#8221;fbdfc758-5e7c-452b-bc59-af7be0fa880a&#8221; global_colors_info=&#8221;{}&#8221; custom_days_label_text=&#8221;Dagar&#8221; custom_hours_label_text=&#8221;Timmar&#8221; custom_minutes_label_text=&#8221;Minuter&#8221; custom_seconds_label_text=&#8221;Sekunder&#8221;]<\/p>\n<p>Sales Manager<\/p>\n<p>[\/et_pb_text][et_pb_text _builder_version=&#8221;4.27.4&#8243; _module_preset=&#8221;675866bd-aefb-431d-b018-3f6ed3d10b8f&#8221; global_colors_info=&#8221;{}&#8221; custom_days_label_text=&#8221;Dagar&#8221; custom_hours_label_text=&#8221;Timmar&#8221; custom_minutes_label_text=&#8221;Minuter&#8221; custom_seconds_label_text=&#8221;Sekunder&#8221;]<\/p>\n<h3>Martin Wiberg<\/h3>\n<p><a href=\"mailto:martin.wiberg@stockholmsmassan.se\" target=\"_blank\" rel=\"noopener\">Send an e-mail to<\/a><br \/><a href=\"tel:46707894483\">+46 70 789 44 83<\/a><\/p>\n<p>[\/et_pb_text][\/et_pb_column][et_pb_column type=&#8221;1_4&#8243; _builder_version=&#8221;4.24.2&#8243; _module_preset=&#8221;default&#8221; global_colors_info=&#8221;{}&#8221; custom_days_label_text=&#8221;Dagar&#8221; custom_hours_label_text=&#8221;Timmar&#8221; custom_minutes_label_text=&#8221;Minuter&#8221; custom_seconds_label_text=&#8221;Sekunder&#8221;][\/et_pb_column][et_pb_column type=&#8221;1_4&#8243; _builder_version=&#8221;4.24.2&#8243; _module_preset=&#8221;default&#8221; global_colors_info=&#8221;{}&#8221; custom_days_label_text=&#8221;Dagar&#8221; custom_hours_label_text=&#8221;Timmar&#8221; custom_minutes_label_text=&#8221;Minuter&#8221; custom_seconds_label_text=&#8221;Sekunder&#8221;][\/et_pb_column][\/et_pb_row][\/et_pb_section]<\/p>\n","protected":false},"excerpt":{"rendered":"<p>The Nordic Region&#8217;s largest trade fair for the rail industryTrain &amp; Rail is the Nordic region&#8217;s largest meeting place for actors in the railway industry. The fair is organized every [&hellip;]<\/p>\n","protected":false},"author":24,"featured_media":0,"parent":0,"menu_order":0,"comment_status":"closed","ping_status":"closed","template":"","meta":{"_et_pb_use_builder":"on","_et_pb_old_content":"","_et_gb_content_width":"","footnotes":""},"hf_cat_page":[],"class_list":["post-3319692","page","type-page","status-publish","hentry"],"_links":{"self":[{"href":"https:\/\/trainrail.se\/en\/wp-json\/wp\/v2\/pages\/3319692","targetHints":{"allow":["GET"]}}],"collection":[{"href":"https:\/\/trainrail.se\/en\/wp-json\/wp\/v2\/pages"}],"about":[{"href":"https:\/\/trainrail.se\/en\/wp-json\/wp\/v2\/types\/page"}],"author":[{"embeddable":true,"href":"https:\/\/trainrail.se\/en\/wp-json\/wp\/v2\/users\/24"}],"replies":[{"embeddable":true,"href":"https:\/\/trainrail.se\/en\/wp-json\/wp\/v2\/comments?post=3319692"}],"version-history":[{"count":3,"href":"https:\/\/trainrail.se\/en\/wp-json\/wp\/v2\/pages\/3319692\/revisions"}],"predecessor-version":[{"id":3326134,"href":"https:\/\/trainrail.se\/en\/wp-json\/wp\/v2\/pages\/3319692\/revisions\/3326134"}],"wp:attachment":[{"href":"https:\/\/trainrail.se\/en\/wp-json\/wp\/v2\/media?parent=3319692"}],"wp:term":[{"taxonomy":"hf_cat_page","embeddable":true,"href":"https:\/\/trainrail.se\/en\/wp-json\/wp\/v2\/hf_cat_page?post=3319692"}],"curies":[{"name":"wp","href":"https:\/\/api.w.org\/{rel}","templated":true}]}}