{"id":3320234,"date":"2024-05-27T15:51:45","date_gmt":"2024-05-27T13:51:45","guid":{"rendered":"https:\/\/dev.trainrail.se\/parking\/"},"modified":"2025-06-05T09:30:24","modified_gmt":"2025-06-05T07:30:24","slug":"parking","status":"publish","type":"page","link":"https:\/\/trainrail.se\/en\/parking\/","title":{"rendered":"Parking"},"content":{"rendered":"<p>[et_pb_section fb_built=&#8221;1&#8243; _builder_version=&#8221;4.24.2&#8243; _module_preset=&#8221;dcffbe7c-d829-4b92-9e28-730b66b1c6df&#8221; background_enable_color=&#8221;off&#8221; use_background_color_gradient=&#8221;on&#8221; background_color_gradient_stops=&#8221;rgba(0,0,0,0) 30%|rgba(0,0,0,0.9) 100%&#8221; background_color_gradient_overlays_image=&#8221;on&#8221; background_image=&#8221;https:\/\/trainrail.se\/wp-content\/uploads\/2024\/03\/Parkering_1490x980.jpg&#8221; global_colors_info=&#8221;{}&#8221;][et_pb_row _builder_version=&#8221;4.24.2&#8243; _module_preset=&#8221;b47dc7b0-0c21-48f4-9be5-365125495c37&#8243; locked=&#8221;off&#8221; global_colors_info=&#8221;{}&#8221;][et_pb_column type=&#8221;4_4&#8243; _builder_version=&#8221;4.24.0&#8243; _module_preset=&#8221;default&#8221; global_colors_info=&#8221;{}&#8221;][et_pb_cta button_url=&#8221;#&#8221; _builder_version=&#8221;4.24.2&#8243; _module_preset=&#8221;0d7ddc9b-5fad-41ce-bbc3-1fa8c8b01c36&#8243; global_colors_info=&#8221;{%22gcid-m0fraqv3-qztm-9290-df11-7p07yu2mtcg6%22:%91%22header_text_color%22,%22button_bg_color%22,%22button_border_color%22,%22button_text_color%22,%22header_text_color%22,%22button_bg_color%22,%22button_border_color%22,%22button_text_color%22,%22header_text_color%22,%22button_bg_color%22,%22button_border_color%22,%22button_text_color%22,%22header_text_color%22,%22button_bg_color%22,%22button_border_color%22,%22button_text_color%22,%22header_text_color%22,%22button_bg_color%22,%22button_text_color%22,%22header_text_color%22,%22button_bg_color%22,%22button_text_color%22,%22header_text_color%22,%22button_bg_color%22,%22button_text_color%22,%22header_text_color%22,%22button_bg_color%22,%22button_text_color%22,%22header_text_color%22,%22button_bg_color%22,%22button_text_color%22,%22header_text_color%22,%22button_bg_color%22,%22button_text_color%22,%22button_bg_color%22,%22button_text_color%22%93,%22gcid-8ctl9olw-qzl0-39sh-h9m4-2r68cuzkve1q%22:%91%22button_bg_color%22,%22button_border_color%22,%22button_bg_color%22,%22button_border_color%22,%22button_bg_color%22,%22button_border_color%22,%22button_bg_color%22,%22button_border_color%22%93,%22gcid-zqmeyyr1-ozjs-tdol-t9th-kdmdqxufunhr%22:%91%22button_border_color%22,%22button_bg_color%22,%22button_border_color%22,%22button_bg_color%22,%22button_border_color%22,%22button_bg_color%22,%22button_border_color%22,%22button_bg_color%22,%22button_bg_color%22%93,%22gcid-xe7ua1bg-8o1q-uq3m-f8ql-qk12tgltkuk4%22:%91%22button_border_color__hover%22,%22button_bg_color__hover%22%93}&#8221;][\/et_pb_cta][\/et_pb_column][\/et_pb_row][\/et_pb_section][et_pb_section fb_built=&#8221;1&#8243; admin_label=&#8221;Text 50\/50&#8243; _builder_version=&#8221;4.24.2&#8243; _module_preset=&#8221;34b06a86-dc81-4983-919e-0fd7f286eb1b&#8221; background_color=&#8221;gcid-m0fraqv3-qztm-9290-df11-7p07yu2mtcg6&#8243; global_colors_info=&#8221;{%22gcid-m0fraqv3-qztm-9290-df11-7p07yu2mtcg6%22:%91%22background_color%22%93}&#8221;][et_pb_row custom_padding_last_edited=&#8221;on|phone&#8221; _builder_version=&#8221;4.24.2&#8243; _module_preset=&#8221;default&#8221; custom_margin=&#8221;||||false|false&#8221; custom_padding_tablet=&#8221;20px||||false|false&#8221; custom_padding_phone=&#8221;20px||||false|false&#8221; locked=&#8221;off&#8221;][et_pb_column type=&#8221;4_4&#8243; _builder_version=&#8221;4.23.4&#8243; _module_preset=&#8221;default&#8221; global_colors_info=&#8221;{}&#8221;][et_pb_text _builder_version=&#8221;4.24.3&#8243; _module_preset=&#8221;91303309-ab2a-47f7-86a2-bf644d336a61&#8243; global_colors_info=&#8221;{}&#8221;]<\/p>\n<h2>Parking<\/h2>\n<p>[\/et_pb_text][et_pb_divider _builder_version=&#8221;4.24.2&#8243; _module_preset=&#8221;default&#8221; global_colors_info=&#8221;{}&#8221;][\/et_pb_divider][\/et_pb_column][\/et_pb_row][et_pb_row column_structure=&#8221;1_2,1_2&#8243; gutter_width=&#8221;3&#8243; custom_padding_last_edited=&#8221;on|tablet&#8221; module_class=&#8221;text-text-row&#8221; _builder_version=&#8221;4.24.2&#8243; _module_preset=&#8221;default&#8221; custom_padding=&#8221;0px||||false|false&#8221; custom_padding_tablet=&#8221;||0px||false|false&#8221; custom_padding_phone=&#8221;||0px||false|false&#8221; locked=&#8221;off&#8221;][et_pb_column type=&#8221;1_2&#8243; _builder_version=&#8221;4.24.2&#8243; _module_preset=&#8221;default&#8221; global_colors_info=&#8221;{}&#8221;][et_pb_text _builder_version=&#8221;4.27.4&#8243; _module_preset=&#8221;default&#8221; hover_enabled=&#8221;0&#8243; global_colors_info=&#8221;{}&#8221; sticky_enabled=&#8221;0&#8243;]<\/p>\n<p>Vi har sammanlagt 2 000 parkeringsplatser i v\u00e5rt garage och p\u00e5 de \u00f6ppna parkeringarna runt Stockholmsm\u00e4ssan. Ut\u00f6ver det har vi 700 parkeringsplatser p\u00e5 \u00c4lvsj\u00f6 IP:s grusplaner (endast vid st\u00f6rre m\u00e4ssor) och ytterligare cirka 300 platser i v\u00e5rt n\u00e4romr\u00e5de.<\/p>\n<p><strong>Avgift<\/strong><br \/>Du betalar enklast med betalapparna EasyPark eller Parkster. Omr\u00e5deskoden anges tydligt vid respektive parkeringsomr\u00e5de. Ladda ner appen Betala P h\u00e4r<br \/>\u2013 Parking garage: 65 SEK per hour or 190 SEK per day until 8:00 am<br \/>\u2013 Outdoor parking: 55 SEK per hour or 170 SEK per day until 8:00 am<\/p>\n<p>F\u00f6rutom ovanst\u00e5ende avgift kan \u00e4ven en transaktionsavgift tillkomma beroende p\u00e5 vilken app och avtal du har. V\u00e5ra betalautomater tar \u00e4ven kort.<br \/><strong>\u00a0<\/strong><br \/><strong>Parkering f\u00f6r personer med parkeringstillst\u00e5nd f\u00f6r r\u00f6relsehindrade<\/strong><br \/>Vi har cirka 25 parkeringsplatser reserverade f\u00f6r dig som har parkeringstillst\u00e5nd f\u00f6r r\u00f6relsehindrade. Du hittar dessa platser i garaget vid P1, utanf\u00f6r hotellet Scandic Talk och vid \u00f6stra entr\u00e9n. Sj\u00e4lvklart g\u00e4ller parkeringstillst\u00e5ndet \u00e4ven \u00f6vriga parkeringsplatser.<\/p>\n<p><strong>Ladda din elbil<\/strong><br \/>Vi har 24 st laddplatser f\u00f6r dig som kommer med elbil. Dessa hittar du i P2. Fler publika laddplatser finns vid \u00c4lvsj\u00f6 idrottsplats infartsparkering, cirka 450 meter fr\u00e5n Stockholmsm\u00e4ssans huvudentr\u00e9. Laddningen \u00e4r kostnadsfri, ni betalar enbart ordinarie parkeringstaxa. Den el som Stockholm Parkering har i sina laddplatser \u00e4r m\u00e4rkt med bra milj\u00f6val och kommer fr\u00e5n f\u00f6rnybara k\u00e4llor.<\/p>\n<p><strong>Parkeringsplatser<\/strong><br \/>Klicka\u00a0<a href=\"https:\/\/trainrail.se\/wp-content\/uploads\/2024\/03\/1080-1490-px-bild-p-plats.jpg\">h\u00e4r<\/a>\u00a0f\u00f6r att f\u00e5 en \u00f6versikt \u00f6ver v\u00e5ra parkeringsytor.<\/p>\n<p>[\/et_pb_text][\/et_pb_column][et_pb_column type=&#8221;1_2&#8243; _builder_version=&#8221;4.24.0&#8243; _module_preset=&#8221;default&#8221; global_colors_info=&#8221;{}&#8221;][et_pb_image src=&#8221;https:\/\/trainrail.se\/wp-content\/uploads\/2024\/03\/karta-p-plats-1080-800px.jpg&#8221; title_text=&#8221;map parking 1080-800px&#8221; url_new_window=&#8221;on&#8221; _builder_version=&#8221;4.24.3&#8243; _module_preset=&#8221;default&#8221; global_colors_info=&#8221;{}&#8221;][\/et_pb_image][\/et_pb_column][\/et_pb_row][\/et_pb_section]<\/p>\n","protected":false},"excerpt":{"rendered":"<p>ParkingVi har sammanlagt 2 000 parkeringsplatser i v\u00e5rt garage och p\u00e5 de \u00f6ppna parkeringarna runt Stockholmsm\u00e4ssan. Ut\u00f6ver det har vi 700 parkeringsplatser p\u00e5 \u00c4lvsj\u00f6 IP:s grusplaner (endast vid st\u00f6rre m\u00e4ssor) [&hellip;]<\/p>\n","protected":false},"author":24,"featured_media":0,"parent":0,"menu_order":0,"comment_status":"closed","ping_status":"closed","template":"","meta":{"_et_pb_use_builder":"on","_et_pb_old_content":"","_et_gb_content_width":"","footnotes":""},"class_list":["post-3320234","page","type-page","status-publish","hentry"],"_links":{"self":[{"href":"https:\/\/trainrail.se\/en\/wp-json\/wp\/v2\/pages\/3320234","targetHints":{"allow":["GET"]}}],"collection":[{"href":"https:\/\/trainrail.se\/en\/wp-json\/wp\/v2\/pages"}],"about":[{"href":"https:\/\/trainrail.se\/en\/wp-json\/wp\/v2\/types\/page"}],"author":[{"embeddable":true,"href":"https:\/\/trainrail.se\/en\/wp-json\/wp\/v2\/users\/24"}],"replies":[{"embeddable":true,"href":"https:\/\/trainrail.se\/en\/wp-json\/wp\/v2\/comments?post=3320234"}],"version-history":[{"count":0,"href":"https:\/\/trainrail.se\/en\/wp-json\/wp\/v2\/pages\/3320234\/revisions"}],"wp:attachment":[{"href":"https:\/\/trainrail.se\/en\/wp-json\/wp\/v2\/media?parent=3320234"}],"curies":[{"name":"wp","href":"https:\/\/api.w.org\/{rel}","templated":true}]}}